{"id":2419,"date":"2023-04-30T19:42:20","date_gmt":"2023-04-30T17:42:20","guid":{"rendered":"https:\/\/www.designforsocial.it\/ds1-eco-design-for-environmental-sustainability-and-tourism\/ds1-design-solution-ciapa-lo\/"},"modified":"2024-12-01T05:30:09","modified_gmt":"2024-12-01T04:30:09","slug":"ds1-design-solution-ciapa-lo","status":"publish","type":"page","link":"https:\/\/www.designforsocial.it\/en\/ds1-eco-design-for-environmental-sustainability-and-tourism\/ds1-design-solution-ciapa-lo\/","title":{"rendered":"DS1. Design Solution Ciapa.l\u00f2"},"content":{"rendered":"\t\t<div data-elementor-type=\"wp-page\" data-elementor-id=\"2419\" class=\"elementor elementor-2419 elementor-992\">\n\t\t\t\t\t\t\t\t\t<section class=\"elementor-section elementor-top-section elementor-element elementor-element-98755af elementor-section-full_width elementor-section-height-full elementor-section-items-stretch elementor-section-content-middle elementor-section-height-default\" data-id=\"98755af\" data-element_type=\"section\">\n\t\t\t\t\t\t<div class=\"elementor-container elementor-column-gap-default\">\n\t\t\t\t\t<div class=\"elementor-column elementor-col-50 elementor-top-column elementor-element elementor-element-8ad407b\" data-id=\"8ad407b\" data-element_type=\"column\" data-settings=\"{&quot;background_background&quot;:&quot;classic&quot;}\">\n\t\t\t<div class=\"elementor-widget-wrap elementor-element-populated\">\n\t\t\t\t\t\t\t\t<div class=\"elementor-element elementor-element-cae1b42 elementor-widget elementor-widget-spacer\" data-id=\"cae1b42\" data-element_type=\"widget\" data-widget_type=\"spacer.default\">\n\t\t\t\t<div class=\"elementor-widget-container\">\n\t\t\t<style>\/*! elementor - v3.11.2 - 22-02-2023 *\/\n.elementor-column .elementor-spacer-inner{height:var(--spacer-size)}.e-con{--container-widget-width:100%}.e-con-inner>.elementor-widget-spacer,.e-con>.elementor-widget-spacer{width:var(--container-widget-width,var(--spacer-size));--align-self:var(--container-widget-align-self,initial);--flex-shrink:0}.e-con-inner>.elementor-widget-spacer>.elementor-widget-container,.e-con-inner>.elementor-widget-spacer>.elementor-widget-container>.elementor-spacer,.e-con>.elementor-widget-spacer>.elementor-widget-container,.e-con>.elementor-widget-spacer>.elementor-widget-container>.elementor-spacer{height:100%}.e-con-inner>.elementor-widget-spacer>.elementor-widget-container>.elementor-spacer>.elementor-spacer-inner,.e-con>.elementor-widget-spacer>.elementor-widget-container>.elementor-spacer>.elementor-spacer-inner{height:var(--container-widget-height,var(--spacer-size))}<\/style>\t\t<div class=\"elementor-spacer\">\n\t\t\t<div class=\"elementor-spacer-inner\"><\/div>\n\t\t<\/div>\n\t\t\t\t<\/div>\n\t\t\t\t<\/div>\n\t\t\t\t\t<\/div>\n\t\t<\/div>\n\t\t\t\t<div class=\"elementor-column elementor-col-50 elementor-top-column elementor-element elementor-element-1383729\" data-id=\"1383729\" data-element_type=\"column\" data-settings=\"{&quot;background_background&quot;:&quot;classic&quot;}\">\n\t\t\t<div class=\"elementor-widget-wrap elementor-element-populated\">\n\t\t\t\t\t\t\t\t<div class=\"elementor-element elementor-element-3a70278 elementor-widget elementor-widget-heading\" data-id=\"3a70278\" data-element_type=\"widget\" data-widget_type=\"heading.default\">\n\t\t\t\t<div class=\"elementor-widget-container\">\n\t\t\t<style>\/*! elementor - v3.11.2 - 22-02-2023 *\/\n.elementor-heading-title{padding:0;margin:0;line-height:1}.elementor-widget-heading .elementor-heading-title[class*=elementor-size-]>a{color:inherit;font-size:inherit;line-height:inherit}.elementor-widget-heading .elementor-heading-title.elementor-size-small{font-size:15px}.elementor-widget-heading .elementor-heading-title.elementor-size-medium{font-size:19px}.elementor-widget-heading .elementor-heading-title.elementor-size-large{font-size:29px}.elementor-widget-heading .elementor-heading-title.elementor-size-xl{font-size:39px}.elementor-widget-heading .elementor-heading-title.elementor-size-xxl{font-size:59px}<\/style><h2 class=\"elementor-heading-title elementor-size-default\">Ciapa.l\u00f2<\/b><br><span style=\"font-weight: 400;\">A swapping system to encourage reuse<\/span><\/h2>\t\t<\/div>\n\t\t\t\t<\/div>\n\t\t\t\t<div class=\"elementor-element elementor-element-ede49e8 elementor-widget elementor-widget-spacer\" data-id=\"ede49e8\" data-element_type=\"widget\" data-widget_type=\"spacer.default\">\n\t\t\t\t<div class=\"elementor-widget-container\">\n\t\t\t\t\t<div class=\"elementor-spacer\">\n\t\t\t<div class=\"elementor-spacer-inner\"><\/div>\n\t\t<\/div>\n\t\t\t\t<\/div>\n\t\t\t\t<\/div>\n\t\t\t\t<div class=\"elementor-element elementor-element-185e744 elementor-widget elementor-widget-heading\" data-id=\"185e744\" data-element_type=\"widget\" data-widget_type=\"heading.default\">\n\t\t\t\t<div class=\"elementor-widget-container\">\n\t\t\t<h2 class=\"elementor-heading-title elementor-size-default\">#DS1. Eco-design for environmental sustainability and tourism<\/h2>\t\t<\/div>\n\t\t\t\t<\/div>\n\t\t\t\t<div class=\"elementor-element elementor-element-1fb4210c elementor-widget elementor-widget-heading\" data-id=\"1fb4210c\" data-element_type=\"widget\" data-widget_type=\"heading.default\">\n\t\t\t\t<div class=\"elementor-widget-container\">\n\t\t\t<h2 class=\"elementor-heading-title elementor-size-default\">Cooperativa Alchimia, Bergamo<\/h2>\t\t<\/div>\n\t\t\t\t<\/div>\n\t\t\t\t\t<\/div>\n\t\t<\/div>\n\t\t\t\t\t\t\t<\/div>\n\t\t<\/section>\n\t\t\t\t<section class=\"elementor-section elementor-top-section elementor-element elementor-element-15e282df elementor-section-full_width elementor-section-height-default elementor-section-height-default\" data-id=\"15e282df\" data-element_type=\"section\" data-settings=\"{&quot;background_background&quot;:&quot;classic&quot;}\">\n\t\t\t\t\t\t<div class=\"elementor-container elementor-column-gap-no\">\n\t\t\t\t\t<div class=\"elementor-column elementor-col-100 elementor-top-column elementor-element elementor-element-123ee8b4\" data-id=\"123ee8b4\" data-element_type=\"column\" data-settings=\"{&quot;background_background&quot;:&quot;classic&quot;}\">\n\t\t\t<div class=\"elementor-widget-wrap elementor-element-populated\">\n\t\t\t\t\t\t\t\t<div class=\"elementor-element elementor-element-72efddb elementor-widget elementor-widget-text-editor\" data-id=\"72efddb\" data-element_type=\"widget\" data-widget_type=\"text-editor.default\">\n\t\t\t\t<div class=\"elementor-widget-container\">\n\t\t\t<style>\/*! elementor - v3.11.2 - 22-02-2023 *\/\n.elementor-widget-text-editor.elementor-drop-cap-view-stacked .elementor-drop-cap{background-color:#818a91;color:#fff}.elementor-widget-text-editor.elementor-drop-cap-view-framed .elementor-drop-cap{color:#818a91;border:3px solid;background-color:transparent}.elementor-widget-text-editor:not(.elementor-drop-cap-view-default) .elementor-drop-cap{margin-top:8px}.elementor-widget-text-editor:not(.elementor-drop-cap-view-default) .elementor-drop-cap-letter{width:1em;height:1em}.elementor-widget-text-editor .elementor-drop-cap{float:left;text-align:center;line-height:1;font-size:50px}.elementor-widget-text-editor .elementor-drop-cap-letter{display:inline-block}<\/style>\t\t\t\t<p class=\"p1\">A project by <b>Mayar Labib, Niccol\u00f2 Lelli, Joby R. Pangan, Dejanira Piras, Elias Rosato.<\/b><\/p>\n\t\t\t\t\t\t<\/div>\n\t\t\t\t<\/div>\n\t\t\t\t<div class=\"elementor-element elementor-element-f910ae0 elementor-widget elementor-widget-text-editor\" data-id=\"f910ae0\" data-element_type=\"widget\" data-widget_type=\"text-editor.default\">\n\t\t\t\t<div class=\"elementor-widget-container\">\n\t\t\t\t\t\t\t<p class=\"p1\">Ciapa.l\u00f2 \u00e8 un sistema modulare di locker accompagnato da un\u2019app che permette lo scambio di oggetti usati tra individui. Il progetto favorisce il riuso &#8211; uno dei processi che contribuiscono &#8211; con riduzione e riciclo, a diminuire l\u2019impatto ambientale.<\/p>\n<p class=\"p1\">Il gruppo di designer ha osservato il successo di piattaforme gi\u00e0 esistenti, evidenziando la mancanza di infrastrutture fisiche a supporto. Inoltre, \u00e8 stata notata la coerenza del tema con la volont\u00e0 di rendere il parco un hub di pratiche sostenibili, accogliendo per\u00f2 il bisogno di non gravare sul lavoro degli operatori.<\/p>\n<p class=\"p2\">\u00c8 stato perci\u00f2 ipotizzato un sistema prodotto-servizio composto da un\u2019app, per proporre e prenotare oggetti usati, e un locker interattivo, per depositare e ritirare tali oggetti senza necessit\u00e0 di concordare un ritrovo o di coinvolgere dipendenti nel processo.<\/p>\n\t\t\t\t\t\t<\/div>\n\t\t\t\t<\/div>\n\t\t\t\t<div class=\"elementor-element elementor-element-df7a333 elementor-arrows-position-inside elementor-pagination-position-outside elementor-widget elementor-widget-image-carousel\" data-id=\"df7a333\" data-element_type=\"widget\" data-settings=\"{&quot;slides_to_show&quot;:&quot;1&quot;,&quot;navigation&quot;:&quot;both&quot;,&quot;autoplay&quot;:&quot;yes&quot;,&quot;pause_on_hover&quot;:&quot;yes&quot;,&quot;pause_on_interaction&quot;:&quot;yes&quot;,&quot;autoplay_speed&quot;:5000,&quot;infinite&quot;:&quot;yes&quot;,&quot;effect&quot;:&quot;slide&quot;,&quot;speed&quot;:500}\" data-widget_type=\"image-carousel.default\">\n\t\t\t\t<div class=\"elementor-widget-container\">\n\t\t\t<style>\/*! elementor - v3.11.2 - 22-02-2023 *\/\n.elementor-widget-image-carousel .swiper,.elementor-widget-image-carousel .swiper-container{position:static}.elementor-widget-image-carousel .swiper-container .swiper-slide figure,.elementor-widget-image-carousel .swiper .swiper-slide figure{line-height:inherit}.elementor-widget-image-carousel .swiper-slide{text-align:center}.elementor-image-carousel-wrapper:not(.swiper-container-initialized) .swiper-slide,.elementor-image-carousel-wrapper:not(.swiper-initialized) .swiper-slide{max-width:calc(100% \/ var(--e-image-carousel-slides-to-show, 3))}<\/style>\t\t<div class=\"elementor-image-carousel-wrapper swiper-container\" dir=\"ltr\">\n\t\t\t<div class=\"elementor-image-carousel swiper-wrapper\">\n\t\t\t\t\t\t\t\t<div class=\"swiper-slide\"><figure class=\"swiper-slide-inner\"><img decoding=\"async\" class=\"swiper-slide-image\" src=\"https:\/\/www.designforsocial.it\/wp-content\/uploads\/2023\/05\/G1_Ciapa.lo_Pagina_08-scaled.jpg\" alt=\"G1_Ciapa.lo\u0300_Pagina_08\" \/><\/figure><\/div><div class=\"swiper-slide\"><figure class=\"swiper-slide-inner\"><img decoding=\"async\" class=\"swiper-slide-image\" src=\"https:\/\/www.designforsocial.it\/wp-content\/uploads\/2023\/05\/G1_Ciapa.lo_Pagina_12-1-scaled.jpg\" alt=\"G1_Ciapa.lo\u0300_Pagina_12\" \/><\/figure><\/div><div class=\"swiper-slide\"><figure class=\"swiper-slide-inner\"><img decoding=\"async\" class=\"swiper-slide-image\" src=\"https:\/\/www.designforsocial.it\/wp-content\/uploads\/2023\/05\/G1_Ciapa.lo_Pagina_13-scaled.jpg\" alt=\"G1_Ciapa.lo\u0300_Pagina_13\" \/><\/figure><\/div><div class=\"swiper-slide\"><figure class=\"swiper-slide-inner\"><img decoding=\"async\" class=\"swiper-slide-image\" src=\"https:\/\/www.designforsocial.it\/wp-content\/uploads\/2023\/05\/G1_Ciapa.lo_Pagina_14.jpg\" alt=\"G1_Ciapa.lo\u0300_Pagina_14\" \/><\/figure><\/div><div class=\"swiper-slide\"><figure class=\"swiper-slide-inner\"><img decoding=\"async\" class=\"swiper-slide-image\" src=\"https:\/\/www.designforsocial.it\/wp-content\/uploads\/2023\/05\/G1_Ciapa.lo_Pagina_15-scaled.jpg\" alt=\"G1_Ciapa.lo\u0300_Pagina_15\" \/><\/figure><\/div><div class=\"swiper-slide\"><figure class=\"swiper-slide-inner\"><img decoding=\"async\" class=\"swiper-slide-image\" src=\"https:\/\/www.designforsocial.it\/wp-content\/uploads\/2023\/05\/G1_Ciapa.lo_Pagina_16.jpg\" alt=\"G1_Ciapa.lo\u0300_Pagina_16\" \/><\/figure><\/div><div class=\"swiper-slide\"><figure class=\"swiper-slide-inner\"><img decoding=\"async\" class=\"swiper-slide-image\" src=\"https:\/\/www.designforsocial.it\/wp-content\/uploads\/2023\/05\/G1_Ciapa.lo_Pagina_17-scaled.jpg\" alt=\"G1_Ciapa.lo\u0300_Pagina_17\" \/><\/figure><\/div><div class=\"swiper-slide\"><figure class=\"swiper-slide-inner\"><img decoding=\"async\" class=\"swiper-slide-image\" src=\"https:\/\/www.designforsocial.it\/wp-content\/uploads\/2023\/05\/G1_Ciapa.lo_Pagina_18-scaled.jpg\" alt=\"G1_Ciapa.lo\u0300_Pagina_18\" \/><\/figure><\/div><div class=\"swiper-slide\"><figure class=\"swiper-slide-inner\"><img decoding=\"async\" class=\"swiper-slide-image\" src=\"https:\/\/www.designforsocial.it\/wp-content\/uploads\/2023\/05\/G1_Ciapa.lo_Pagina_19.jpg\" alt=\"G1_Ciapa.lo\u0300_Pagina_19\" \/><\/figure><\/div><div class=\"swiper-slide\"><figure class=\"swiper-slide-inner\"><img decoding=\"async\" class=\"swiper-slide-image\" src=\"https:\/\/www.designforsocial.it\/wp-content\/uploads\/2023\/05\/G1_Ciapa.lo_Pagina_20.jpg\" alt=\"G1_Ciapa.lo\u0300_Pagina_20\" \/><\/figure><\/div>\t\t\t<\/div>\n\t\t\t\t\t\t\t\t\t\t\t\t<div class=\"swiper-pagination\"><\/div>\n\t\t\t\t\t\t\t\t\t\t\t\t\t<div class=\"elementor-swiper-button elementor-swiper-button-prev\">\n\t\t\t\t\t\t<i aria-hidden=\"true\" class=\"eicon-chevron-left\"><\/i>\t\t\t\t\t\t<span class=\"elementor-screen-only\">Previous<\/span>\n\t\t\t\t\t<\/div>\n\t\t\t\t\t<div class=\"elementor-swiper-button elementor-swiper-button-next\">\n\t\t\t\t\t\t<i aria-hidden=\"true\" class=\"eicon-chevron-right\"><\/i>\t\t\t\t\t\t<span class=\"elementor-screen-only\">Next<\/span>\n\t\t\t\t\t<\/div>\n\t\t\t\t\t\t\t\t\t<\/div>\n\t\t\t\t<\/div>\n\t\t\t\t<\/div>\n\t\t\t\t\t<\/div>\n\t\t<\/div>\n\t\t\t\t\t\t\t<\/div>\n\t\t<\/section>\n\t\t\t\t<section class=\"elementor-section elementor-top-section elementor-element elementor-element-2e7d43f elementor-section-boxed elementor-section-height-default elementor-section-height-default\" data-id=\"2e7d43f\" data-element_type=\"section\" data-settings=\"{&quot;background_background&quot;:&quot;classic&quot;}\">\n\t\t\t\t\t\t<div class=\"elementor-container elementor-column-gap-no\">\n\t\t\t\t\t<div class=\"elementor-column elementor-col-100 elementor-top-column elementor-element elementor-element-2cd8021\" data-id=\"2cd8021\" data-element_type=\"column\" data-settings=\"{&quot;background_background&quot;:&quot;classic&quot;}\">\n\t\t\t<div class=\"elementor-widget-wrap elementor-element-populated\">\n\t\t\t\t\t\t\t\t<div class=\"elementor-element elementor-element-cc69ff9 elementor-widget elementor-widget-text-editor\" data-id=\"cc69ff9\" data-element_type=\"widget\" data-widget_type=\"text-editor.default\">\n\t\t\t\t<div class=\"elementor-widget-container\">\n\t\t\t\t\t\t\t<h3><strong>Other outcomes of #DS1. <\/strong><b>Eco-design for environmental sustainability and tourism<\/b><\/h3>\n\t\t\t\t\t\t<\/div>\n\t\t\t\t<\/div>\n\t\t\t\t<section class=\"elementor-section elementor-inner-section elementor-element elementor-element-337200e elementor-section-full_width elementor-section-height-default elementor-section-height-default\" data-id=\"337200e\" data-element_type=\"section\">\n\t\t\t\t\t\t<div class=\"elementor-container elementor-column-gap-default\">\n\t\t\t\t\t<div class=\"elementor-column elementor-col-50 elementor-inner-column elementor-element elementor-element-d60e949\" data-id=\"d60e949\" data-element_type=\"column\">\n\t\t\t<div class=\"elementor-widget-wrap elementor-element-populated\">\n\t\t\t\t\t\t\t\t<div class=\"elementor-element elementor-element-c102651 elementor-position-top elementor-vertical-align-top elementor-widget elementor-widget-image-box\" data-id=\"c102651\" data-element_type=\"widget\" data-widget_type=\"image-box.default\">\n\t\t\t\t<div class=\"elementor-widget-container\">\n\t\t\t<style>\/*! elementor - v3.11.2 - 22-02-2023 *\/\n.elementor-widget-image-box .elementor-image-box-content{width:100%}@media (min-width:768px){.elementor-widget-image-box.elementor-position-left .elementor-image-box-wrapper,.elementor-widget-image-box.elementor-position-right .elementor-image-box-wrapper{display:flex}.elementor-widget-image-box.elementor-position-right .elementor-image-box-wrapper{text-align:right;flex-direction:row-reverse}.elementor-widget-image-box.elementor-position-left .elementor-image-box-wrapper{text-align:left;flex-direction:row}.elementor-widget-image-box.elementor-position-top .elementor-image-box-img{margin:auto}.elementor-widget-image-box.elementor-vertical-align-top .elementor-image-box-wrapper{align-items:flex-start}.elementor-widget-image-box.elementor-vertical-align-middle .elementor-image-box-wrapper{align-items:center}.elementor-widget-image-box.elementor-vertical-align-bottom .elementor-image-box-wrapper{align-items:flex-end}}@media (max-width:767px){.elementor-widget-image-box .elementor-image-box-img{margin-left:auto!important;margin-right:auto!important;margin-bottom:15px}}.elementor-widget-image-box .elementor-image-box-img{display:inline-block}.elementor-widget-image-box .elementor-image-box-title a{color:inherit}.elementor-widget-image-box .elementor-image-box-wrapper{text-align:center}.elementor-widget-image-box .elementor-image-box-description{margin:0}<\/style><div class=\"elementor-image-box-wrapper\"><figure class=\"elementor-image-box-img\"><a href=\"https:\/\/www.designforsocial.it\/ds1-eco-design-per-la-sostenibilita-ambientale-e-il-turismo\/naturequest\/\"><img loading=\"lazy\" decoding=\"async\" width=\"2560\" height=\"2560\" src=\"https:\/\/www.designforsocial.it\/wp-content\/uploads\/2023\/04\/IMG_01-scaled.jpg\" class=\"attachment-full size-full wp-image-962\" alt=\"MAPP \u2013 Museo Aperto Porta del Parco\" srcset=\"https:\/\/www.designforsocial.it\/wp-content\/uploads\/2023\/04\/IMG_01-scaled.jpg 2560w, https:\/\/www.designforsocial.it\/wp-content\/uploads\/2023\/04\/IMG_01-300x300.jpg 300w, https:\/\/www.designforsocial.it\/wp-content\/uploads\/2023\/04\/IMG_01-1024x1024.jpg 1024w, https:\/\/www.designforsocial.it\/wp-content\/uploads\/2023\/04\/IMG_01-150x150.jpg 150w, https:\/\/www.designforsocial.it\/wp-content\/uploads\/2023\/04\/IMG_01-768x768.jpg 768w, https:\/\/www.designforsocial.it\/wp-content\/uploads\/2023\/04\/IMG_01-1536x1536.jpg 1536w, https:\/\/www.designforsocial.it\/wp-content\/uploads\/2023\/04\/IMG_01-2048x2048.jpg 2048w\" sizes=\"auto, (max-width: 2560px) 100vw, 2560px\" \/><\/a><\/figure><div class=\"elementor-image-box-content\"><h3 class=\"elementor-image-box-title\"><a href=\"https:\/\/www.designforsocial.it\/ds1-eco-design-per-la-sostenibilita-ambientale-e-il-turismo\/naturequest\/\">MAPP<\/a><\/h3><p class=\"elementor-image-box-description\">An Augmented Open-Air Museum Enhanced by Data<\/p><\/div><\/div>\t\t<\/div>\n\t\t\t\t<\/div>\n\t\t\t\t\t<\/div>\n\t\t<\/div>\n\t\t\t\t<div class=\"elementor-column elementor-col-50 elementor-inner-column elementor-element elementor-element-a9edd5c\" data-id=\"a9edd5c\" data-element_type=\"column\">\n\t\t\t<div class=\"elementor-widget-wrap elementor-element-populated\">\n\t\t\t\t\t\t\t\t<div class=\"elementor-element elementor-element-6b52e55 elementor-position-top elementor-vertical-align-top elementor-widget elementor-widget-image-box\" data-id=\"6b52e55\" data-element_type=\"widget\" data-widget_type=\"image-box.default\">\n\t\t\t\t<div class=\"elementor-widget-container\">\n\t\t\t<div class=\"elementor-image-box-wrapper\"><figure class=\"elementor-image-box-img\"><a href=\"https:\/\/www.designforsocial.it\/en\/ds1-design-solution-naturequest\/\"><img loading=\"lazy\" decoding=\"async\" width=\"2208\" height=\"2208\" src=\"https:\/\/www.designforsocial.it\/wp-content\/uploads\/2023\/04\/05.png\" class=\"attachment-full size-full wp-image-958\" alt=\"NatureQuest\" srcset=\"https:\/\/www.designforsocial.it\/wp-content\/uploads\/2023\/04\/05.png 2208w, https:\/\/www.designforsocial.it\/wp-content\/uploads\/2023\/04\/05-300x300.png 300w, https:\/\/www.designforsocial.it\/wp-content\/uploads\/2023\/04\/05-1024x1024.png 1024w, https:\/\/www.designforsocial.it\/wp-content\/uploads\/2023\/04\/05-150x150.png 150w, https:\/\/www.designforsocial.it\/wp-content\/uploads\/2023\/04\/05-768x768.png 768w, https:\/\/www.designforsocial.it\/wp-content\/uploads\/2023\/04\/05-1536x1536.png 1536w, https:\/\/www.designforsocial.it\/wp-content\/uploads\/2023\/04\/05-2048x2048.png 2048w\" sizes=\"auto, (max-width: 2208px) 100vw, 2208px\" \/><\/a><\/figure><div class=\"elementor-image-box-content\"><h3 class=\"elementor-image-box-title\"><a href=\"https:\/\/www.designforsocial.it\/en\/ds1-design-solution-naturequest\/\">NatureQuest<\/a><\/h3><p class=\"elementor-image-box-description\">Gamification and Community Building on a Local Scale<\/p><\/div><\/div>\t\t<\/div>\n\t\t\t\t<\/div>\n\t\t\t\t\t<\/div>\n\t\t<\/div>\n\t\t\t\t\t\t\t<\/div>\n\t\t<\/section>\n\t\t\t\t\t<\/div>\n\t\t<\/div>\n\t\t\t\t\t\t\t<\/div>\n\t\t<\/section>\n\t\t\t\t\t\t\t<\/div>\n\t\t","protected":false},"excerpt":{"rendered":"<p>Ciapa.l\u00f2A swapping system to encourage reuse #DS1. Eco-design for environmental sustainability and tourism Cooperativa Alchimia, Bergamo A project by Mayar Labib, Niccol\u00f2 Lelli, Joby R. Pangan, Dejanira Piras, Elias Rosato. Ciapa.l\u00f2 \u00e8 un sistema modulare di locker accompagnato da un\u2019app che permette lo scambio di oggetti usati tra individui. Il progetto favorisce il riuso &#8211; [&hellip;]<\/p>\n","protected":false},"author":1,"featured_media":0,"parent":2407,"menu_order":0,"comment_status":"closed","ping_status":"closed","template":"elementor_theme","meta":{"footnotes":""},"class_list":["post-2419","page","type-page","status-publish","hentry"],"_links":{"self":[{"href":"https:\/\/www.designforsocial.it\/en\/wp-json\/wp\/v2\/pages\/2419","targetHints":{"allow":["GET"]}}],"collection":[{"href":"https:\/\/www.designforsocial.it\/en\/wp-json\/wp\/v2\/pages"}],"about":[{"href":"https:\/\/www.designforsocial.it\/en\/wp-json\/wp\/v2\/types\/page"}],"author":[{"embeddable":true,"href":"https:\/\/www.designforsocial.it\/en\/wp-json\/wp\/v2\/users\/1"}],"replies":[{"embeddable":true,"href":"https:\/\/www.designforsocial.it\/en\/wp-json\/wp\/v2\/comments?post=2419"}],"version-history":[{"count":2,"href":"https:\/\/www.designforsocial.it\/en\/wp-json\/wp\/v2\/pages\/2419\/revisions"}],"predecessor-version":[{"id":2427,"href":"https:\/\/www.designforsocial.it\/en\/wp-json\/wp\/v2\/pages\/2419\/revisions\/2427"}],"up":[{"embeddable":true,"href":"https:\/\/www.designforsocial.it\/en\/wp-json\/wp\/v2\/pages\/2407"}],"wp:attachment":[{"href":"https:\/\/www.designforsocial.it\/en\/wp-json\/wp\/v2\/media?parent=2419"}],"curies":[{"name":"wp","href":"https:\/\/api.w.org\/{rel}","templated":true}]}}